{"id":15293,"date":"2022-12-08T16:36:46","date_gmt":"2022-12-08T15:36:46","guid":{"rendered":"https:\/\/www.medes.fr\/?page_id=15293"},"modified":"2023-06-19T14:48:20","modified_gmt":"2023-06-19T12:48:20","slug":"etude-dalitement-brace-recrutement-de-volontaires","status":"publish","type":"page","link":"https:\/\/www.medes.fr\/en\/etude-dalitement-brace-recrutement-de-volontaires\/","title":{"rendered":"Etude d&#8217;alitement BRACE &#8211; Recrutement de volontaires"},"content":{"rendered":"<p>[et_pb_section fb_built=&#8221;1&#8243; custom_padding_last_edited=&#8221;on|phone&#8221; _builder_version=&#8221;4.17.4&#8243; _module_preset=&#8221;default&#8221; background_enable_color=&#8221;off&#8221; background_image=&#8221;https:\/\/www.medes.fr\/wp-content\/uploads\/2022\/06\/AdobeStock_279577524-compressed-scaled.jpg&#8221; custom_padding=&#8221;0px||2px||false|false&#8221; custom_padding_tablet=&#8221;40px||40px||false|false&#8221; custom_padding_phone=&#8221;30px||30px||false|false&#8221; locked=&#8221;off&#8221; global_colors_info=&#8221;{}&#8221; custom_css_after_last_edited=&#8221;off|desktop&#8221;][et_pb_row _builder_version=&#8221;4.17.4&#8243; _module_preset=&#8221;default&#8221; custom_margin=&#8221;|auto||auto|false|false&#8221; custom_padding=&#8221;30px||29px||false|false&#8221; global_colors_info=&#8221;{}&#8221;][et_pb_column type=&#8221;4_4&#8243; _builder_version=&#8221;4.17.4&#8243; _module_preset=&#8221;default&#8221; global_colors_info=&#8221;{}&#8221;][et_pb_text _builder_version=&#8221;4.19.1&#8243; _module_preset=&#8221;default&#8221; header_font_size=&#8221;60px&#8221; text_orientation=&#8221;center&#8221; custom_margin=&#8221;||14px||false|false&#8221; custom_padding=&#8221;||0px|||&#8221; hover_enabled=&#8221;0&#8243; global_colors_info=&#8221;{}&#8221; sticky_enabled=&#8221;0&#8243;]<\/p>\n<h1>RECRUTEMENT<\/h1>\n<h1>Nouvelle \u00e9tude clinique de simulation de l&#8217;impesanteur<\/h1>\n<p>[\/et_pb_text][et_pb_divider color=&#8221;#ffae00&#8243; divider_weight=&#8221;2px&#8221; _builder_version=&#8221;4.17.6&#8243; _module_preset=&#8221;default&#8221; width=&#8221;29%&#8221; module_alignment=&#8221;center&#8221; custom_margin=&#8221;||0px||false|false&#8221; custom_padding=&#8221;||2px||false|false&#8221; locked=&#8221;off&#8221; global_colors_info=&#8221;{}&#8221;][\/et_pb_divider][et_pb_text admin_label=&#8221;Acc\u00e9l\u00e9rer des applications&#8221; _builder_version=&#8221;4.19.1&#8243; _module_preset=&#8221;default&#8221; text_font=&#8221;Open Sans|700|||||||&#8221; text_text_color=&#8221;#444444&#8243; text_font_size=&#8221;26px&#8221; header_2_font=&#8221;||||||||&#8221; header_2_text_align=&#8221;center&#8221; text_orientation=&#8221;center&#8221; max_width_tablet=&#8221;550px&#8221; max_width_phone=&#8221;100%&#8221; max_width_last_edited=&#8221;off|desktop&#8221; module_alignment=&#8221;center&#8221; custom_margin=&#8221;||-2px||false|false&#8221; custom_margin_tablet=&#8221;||3px||false|false&#8221; custom_margin_phone=&#8221;||0px||false|false&#8221; custom_margin_last_edited=&#8221;on|desktop&#8221; custom_padding=&#8221;||0px|||&#8221; text_font_size_tablet=&#8221;14px&#8221; text_font_size_phone=&#8221;14px&#8221; text_font_size_last_edited=&#8221;on|desktop&#8221; header_2_font_size_tablet=&#8221;22px&#8221; header_2_font_size_phone=&#8221;20px&#8221; header_2_font_size_last_edited=&#8221;on|phone&#8221; locked=&#8221;off&#8221; global_colors_info=&#8221;{}&#8221;]<\/p>\n<p>Etude BRACE (Bed Rest with Artificial gravity and Cycling Exercise)<\/p>\n<p>[\/et_pb_text][\/et_pb_column][\/et_pb_row][et_pb_row custom_padding_last_edited=&#8221;off|desktop&#8221; _builder_version=&#8221;4.17.4&#8243; _module_preset=&#8221;default&#8221; width=&#8221;90%&#8221; custom_margin=&#8221;||||false|false&#8221; custom_margin_tablet=&#8221;||40px||false|false&#8221; custom_margin_phone=&#8221;||30px||false|false&#8221; custom_margin_last_edited=&#8221;off|desktop&#8221; custom_padding=&#8221;0px||0px||true|false&#8221; custom_padding_tablet=&#8221;30px||||false|false&#8221; custom_padding_phone=&#8221;20px||||false|false&#8221; global_colors_info=&#8221;{}&#8221;][et_pb_column type=&#8221;4_4&#8243; _builder_version=&#8221;4.17.4&#8243; _module_preset=&#8221;default&#8221; global_colors_info=&#8221;{}&#8221;][et_pb_text admin_label=&#8221;MEDES accompagne l\u2019innovation sant\u00e9&#8221; _builder_version=&#8221;4.19.1&#8243; _module_preset=&#8221;default&#8221; text_font=&#8221;Open Sans||||||||&#8221; text_text_color=&#8221;#444444&#8243; text_orientation=&#8221;justified&#8221; max_width_tablet=&#8221;550px&#8221; max_width_phone=&#8221;100%&#8221; max_width_last_edited=&#8221;off|desktop&#8221; module_alignment=&#8221;center&#8221; custom_margin=&#8221;||40px||false|false&#8221; custom_padding=&#8221;||||false|false&#8221; text_font_size_tablet=&#8221;14px&#8221; text_font_size_phone=&#8221;14px&#8221; text_font_size_last_edited=&#8221;on|desktop&#8221; locked=&#8221;off&#8221; global_colors_info=&#8221;{}&#8221;]<\/p>\n<p><strong>MEDES<\/strong> recrute des volontaires hommes, \u00e2g\u00e9s de 20 \u00e0 45 ans, pour participer \u00e0 une \u00e9tude clinique indemnis\u00e9e avec 88 jours d\u2019hospitalisation dont 60 jours couch\u00e9 \u00e0 -6\u00b0 d\u2019inclinaison, c\u2019est-\u00e0-dire avec la t\u00eate plus basse que les pieds. Ce type d\u2019\u00e9tude, appel\u00e9 aussi Bedrest, permet de simuler les effets de la micropesanteur au sol.<\/p>\n<p><strong>\u00a0<\/strong><\/p>\n<p>[\/et_pb_text][\/et_pb_column][\/et_pb_row][\/et_pb_section][et_pb_section fb_built=&#8221;1&#8243; theme_builder_area=&#8221;post_content&#8221; _builder_version=&#8221;4.19.1&#8243; _module_preset=&#8221;default&#8221;][et_pb_row _builder_version=&#8221;4.19.1&#8243; _module_preset=&#8221;default&#8221; theme_builder_area=&#8221;post_content&#8221; column_structure=&#8221;1_2,1_2&#8243;][et_pb_column _builder_version=&#8221;4.19.1&#8243; _module_preset=&#8221;default&#8221; type=&#8221;1_2&#8243; theme_builder_area=&#8221;post_content&#8221;][et_pb_text _builder_version=&#8221;4.19.1&#8243; _module_preset=&#8221;default&#8221; theme_builder_area=&#8221;post_content&#8221; hover_enabled=&#8221;0&#8243; sticky_enabled=&#8221;0&#8243;]<\/p>\n<h2>Les crit\u00e8res de recrutement<\/h2>\n<ul>\n<li>Homme de 20-45 ans<\/li>\n<li>En parfaite sant\u00e9<\/li>\n<li>Non-fumeur<\/li>\n<li>Indice de Masse Corporelle entre 20 et 27<\/li>\n<li>Mesurer entre 1m58 et 1m90<\/li>\n<li>Pratiquer une activit\u00e9 sportive r\u00e9guli\u00e8re<\/li>\n<li>Ne pas avoir d&#8217;allergie ni de restriction alimentaire<\/li>\n<\/ul>\n<p>[\/et_pb_text][\/et_pb_column][et_pb_column _builder_version=&#8221;4.19.1&#8243; _module_preset=&#8221;default&#8221; type=&#8221;1_2&#8243; theme_builder_area=&#8221;post_content&#8221;][et_pb_text _builder_version=&#8221;4.19.1&#8243; _module_preset=&#8221;default&#8221; theme_builder_area=&#8221;post_content&#8221; hover_enabled=&#8221;0&#8243; sticky_enabled=&#8221;0&#8243;]<\/p>\n<h2>Les phases de s\u00e9lection<\/h2>\n<p>La s\u00e9lection se fait en plusieurs \u00e9tapes :<\/p>\n<ul>\n<li>deux entretiens t\u00e9l\u00e9phoniques (v\u00e9rification des crit\u00e8res de s\u00e9lection et de la compr\u00e9hension de l&#8217;\u00e9tude),<\/li>\n<li>s\u00e9lection m\u00e9dicale (\u00e0 la clinique)<\/li>\n<li>puis s\u00e9lection psychologique et test avec centrifugeuse (\u00e0 la clinique).<\/li>\n<\/ul>\n<p>[\/et_pb_text][\/et_pb_column][\/et_pb_row][\/et_pb_section][et_pb_section fb_built=&#8221;1&#8243; theme_builder_area=&#8221;post_content&#8221; _builder_version=&#8221;4.19.1&#8243; _module_preset=&#8221;default&#8221; title_text=&#8221;Earth at night&#8221; background_image=&#8221;https:\/\/www.medes.fr\/wp-content\/uploads\/2022\/12\/Image-Terre_MD.jpg&#8221; hover_enabled=&#8221;0&#8243; sticky_enabled=&#8221;0&#8243;][et_pb_row _builder_version=&#8221;4.19.1&#8243; _module_preset=&#8221;default&#8221; theme_builder_area=&#8221;post_content&#8221;][et_pb_column _builder_version=&#8221;4.19.1&#8243; _module_preset=&#8221;default&#8221; type=&#8221;4_4&#8243; theme_builder_area=&#8221;post_content&#8221;][et_pb_text _builder_version=&#8221;4.19.1&#8243; _module_preset=&#8221;default&#8221; theme_builder_area=&#8221;post_content&#8221; hover_enabled=&#8221;0&#8243; sticky_enabled=&#8221;0&#8243; animation_style=&#8221;fade&#8221;]<\/p>\n<h2 style=\"text-align: center;\"><span style=\"color: #ffffff;\">Foire aux questions<\/span><\/h2>\n<p>[\/et_pb_text][\/et_pb_column][\/et_pb_row][et_pb_row _builder_version=&#8221;4.19.1&#8243; _module_preset=&#8221;default&#8221; theme_builder_area=&#8221;post_content&#8221;][et_pb_column _builder_version=&#8221;4.19.1&#8243; _module_preset=&#8221;default&#8221; type=&#8221;4_4&#8243; theme_builder_area=&#8221;post_content&#8221;][et_pb_toggle title=&#8221;Je n\u2019ai pas tout \u00e0 fait l\u2019\u00e2ge requis. Puis-je tout de m\u00eame candidater ?&#8221; _builder_version=&#8221;4.19.1&#8243; _module_preset=&#8221;default&#8221; theme_builder_area=&#8221;post_content&#8221; hover_enabled=&#8221;0&#8243; sticky_enabled=&#8221;0&#8243;]<\/p>\n<p>Non, malheureusement. <strong>Les crit\u00e8res d\u2019\u00e2ge sont stricts<\/strong> et il est n\u00e9cessaire d\u2019avoir entre 20 ans r\u00e9volus et 45 ans (jusqu\u2019\u00e0 la veille des 46).<\/p>\n<p>[\/et_pb_toggle][et_pb_toggle title=&#8221;Je suis une femme. Puis-je aussi candidater ?&#8221; _builder_version=&#8221;4.19.1&#8243; _module_preset=&#8221;default&#8221; theme_builder_area=&#8221;post_content&#8221; hover_enabled=&#8221;0&#8243; sticky_enabled=&#8221;0&#8243;]<\/p>\n<p><strong>Non, l\u2019\u00e9tude est ouverte aux hommes<\/strong>. Ce type d\u2019\u00e9tudes est en g\u00e9n\u00e9ral r\u00e9alis\u00e9e sur un seul genre \u00e0 la fois. Celle-ci est d\u00e9di\u00e9e aux hommes. Une prochaine le sera aupr\u00e8s de volontaires femmes. Nous vous invitons \u00e0 rester vigilante sur nos offres.<\/p>\n<p>[\/et_pb_toggle][et_pb_toggle title=&#8221;J\u2019ai des restrictions alimentaires. Puis-je candidater ?&#8221; _builder_version=&#8221;4.19.1&#8243; _module_preset=&#8221;default&#8221; theme_builder_area=&#8221;post_content&#8221; hover_enabled=&#8221;0&#8243; sticky_enabled=&#8221;0&#8243;]<\/p>\n<p>Non, l\u2019\u00e9tude ne permet pas de recevoir des volontaires suivant un r\u00e9gime alimentaire particulier (v\u00e9g\u00e9tarien, sans gluten, sans porc\u2026). Les contraintes nutritionnelles attendues et les imp\u00e9ratifs de pr\u00e9paration des repas sur ce type d\u2019\u00e9tude sont tr\u00e8s pr\u00e9cises et imposent un r\u00e9gime exactement identique pour l\u2019ensemble des volontaires. <strong>Il est donc n\u00e9cessaire de manger de tout et de ne pas avoir d\u2019intol\u00e9rance ou restriction.<\/strong><\/p>\n<p>[\/et_pb_toggle][et_pb_toggle title=&#8221;Pour candidater, il faut un IMC compris entre 20 et 27. Comment conna\u00eetre mon IMC ?&#8221; _builder_version=&#8221;4.19.1&#8243; _module_preset=&#8221;default&#8221; theme_builder_area=&#8221;post_content&#8221; hover_enabled=&#8221;0&#8243; sticky_enabled=&#8221;0&#8243;]<\/p>\n<p>L\u2019IMC est l\u2019Indice de Masse Corporelle. Il est le r\u00e9sultat du rapport entre votre poids en kilogrammes et le carr\u00e9 de votre taille en m\u00e8tres. (Poids en kg \/ Taille en m\u00b2 ).<\/p>\n<p><em>Par exemple pour un homme d\u20191m80 et de 85kg, son IMC sera de 23,3 (85 \/ 3,6)<\/em><\/p>\n<p>Pour participer \u00e0 cette \u00e9tude, votre IMC doit \u00eatre compris entre 20 et 27. Il correspond \u00e0 une corpulence dite \u00ab\u00a0normale\u00a0\u00bb et qui entre dans les normes de la r\u00e9alisation de l\u2019\u00e9tude clinique.<\/p>\n<p>[\/et_pb_toggle][et_pb_toggle title=&#8221;Pour candidater, il faut un IMC compris entre 20 et 27. Comment conna\u00eetre mon IMC ?&#8221; _builder_version=&#8221;4.19.1&#8243; _module_preset=&#8221;default&#8221; theme_builder_area=&#8221;post_content&#8221; hover_enabled=&#8221;0&#8243; sticky_enabled=&#8221;0&#8243;]<\/p>\n<p>L\u2019IMC est l\u2019Indice de Masse Corporelle. Il est le r\u00e9sultat du rapport entre votre poids en kilogrammes et le carr\u00e9 de votre taille en m\u00e8tres. (Poids en kg \/ Taille en m\u00b2 ).<\/p>\n<p><em>Par exemple pour un homme d\u20191m80 et de 85kg, son IMC sera de 23,3 (85 \/ 3,6)<\/em><\/p>\n<p>Pour participer \u00e0 cette \u00e9tude, votre IMC doit \u00eatre compris entre 20 et 27. Il correspond \u00e0 une corpulence dite \u00ab\u00a0normale\u00a0\u00bb et qui entre dans les normes de la r\u00e9alisation de l\u2019\u00e9tude clinique.<\/p>\n<p>[\/et_pb_toggle][\/et_pb_column][\/et_pb_row][\/et_pb_section]<\/p>\n","protected":false},"excerpt":{"rendered":"<p>RECRUTEMENT Nouvelle \u00e9tude clinique de simulation de l&#8217;impesanteur Etude BRACE (Bed Rest with Artificial gravity and Cycling Exercise) MEDES recrute des volontaires hommes, \u00e2g\u00e9s de 20 \u00e0 45 ans, pour participer \u00e0 une \u00e9tude clinique indemnis\u00e9e avec 88 jours d\u2019hospitalisation dont 60 jours couch\u00e9 \u00e0 -6\u00b0 d\u2019inclinaison, c\u2019est-\u00e0-dire avec la t\u00eate plus basse que les [&hellip;]<\/p>\n","protected":false},"author":3,"featured_media":0,"parent":0,"menu_order":0,"comment_status":"closed","ping_status":"closed","template":"","meta":{"_acf_changed":false,"_et_pb_use_builder":"on","_et_pb_old_content":"","_et_gb_content_width":"","footnotes":""},"class_list":["post-15293","page","type-page","status-publish","hentry"],"acf":[],"yoast_head":"<!-- This site is optimized with the Yoast SEO plugin v27.3 - https:\/\/yoast.com\/product\/yoast-seo-wordpress\/ -->\n<title>Etude d&#039;alitement BRACE - Recrutement de volontaires - Medes<\/title>\n<meta name=\"robots\" content=\"index, follow, max-snippet:-1, max-image-preview:large, max-video-preview:-1\" \/>\n<link rel=\"canonical\" href=\"https:\/\/www.medes.fr\/en\/etude-dalitement-brace-recrutement-de-volontaires\/\" \/>\n<meta property=\"og:locale\" content=\"en_US\" \/>\n<meta property=\"og:type\" content=\"article\" \/>\n<meta property=\"og:title\" content=\"Etude d&#039;alitement BRACE - Recrutement de volontaires - Medes\" \/>\n<meta property=\"og:description\" content=\"RECRUTEMENT Nouvelle \u00e9tude clinique de simulation de l&#039;impesanteur Etude BRACE (Bed Rest with Artificial gravity and Cycling Exercise) MEDES recrute des volontaires hommes, \u00e2g\u00e9s de 20 \u00e0 45 ans, pour participer \u00e0 une \u00e9tude clinique indemnis\u00e9e avec 88 jours d\u2019hospitalisation dont 60 jours couch\u00e9 \u00e0 -6\u00b0 d\u2019inclinaison, c\u2019est-\u00e0-dire avec la t\u00eate plus basse que les [&hellip;]\" \/>\n<meta property=\"og:url\" content=\"https:\/\/www.medes.fr\/en\/etude-dalitement-brace-recrutement-de-volontaires\/\" \/>\n<meta property=\"og:site_name\" content=\"Medes\" \/>\n<meta property=\"article:modified_time\" content=\"2023-06-19T12:48:20+00:00\" \/>\n<meta name=\"twitter:card\" content=\"summary_large_image\" \/>\n<meta name=\"twitter:label1\" content=\"Est. reading time\" \/>\n\t<meta name=\"twitter:data1\" content=\"4 minutes\" \/>\n<script type=\"application\/ld+json\" class=\"yoast-schema-graph\">{\"@context\":\"https:\\\/\\\/schema.org\",\"@graph\":[{\"@type\":\"WebPage\",\"@id\":\"https:\\\/\\\/www.medes.fr\\\/en\\\/etude-dalitement-brace-recrutement-de-volontaires\\\/\",\"url\":\"https:\\\/\\\/www.medes.fr\\\/en\\\/etude-dalitement-brace-recrutement-de-volontaires\\\/\",\"name\":\"Etude d'alitement BRACE - Recrutement de volontaires - Medes\",\"isPartOf\":{\"@id\":\"https:\\\/\\\/www.medes.fr\\\/en\\\/#website\"},\"datePublished\":\"2022-12-08T15:36:46+00:00\",\"dateModified\":\"2023-06-19T12:48:20+00:00\",\"breadcrumb\":{\"@id\":\"https:\\\/\\\/www.medes.fr\\\/en\\\/etude-dalitement-brace-recrutement-de-volontaires\\\/#breadcrumb\"},\"inLanguage\":\"en-US\",\"potentialAction\":[{\"@type\":\"ReadAction\",\"target\":[\"https:\\\/\\\/www.medes.fr\\\/en\\\/etude-dalitement-brace-recrutement-de-volontaires\\\/\"]}]},{\"@type\":\"BreadcrumbList\",\"@id\":\"https:\\\/\\\/www.medes.fr\\\/en\\\/etude-dalitement-brace-recrutement-de-volontaires\\\/#breadcrumb\",\"itemListElement\":[{\"@type\":\"ListItem\",\"position\":1,\"name\":\"Accueil\",\"item\":\"https:\\\/\\\/www.medes.fr\\\/en\\\/\"},{\"@type\":\"ListItem\",\"position\":2,\"name\":\"Etude d&#8217;alitement BRACE &#8211; Recrutement de volontaires\"}]},{\"@type\":\"WebSite\",\"@id\":\"https:\\\/\\\/www.medes.fr\\\/en\\\/#website\",\"url\":\"https:\\\/\\\/www.medes.fr\\\/en\\\/\",\"name\":\"Medes\",\"description\":\"\",\"potentialAction\":[{\"@type\":\"SearchAction\",\"target\":{\"@type\":\"EntryPoint\",\"urlTemplate\":\"https:\\\/\\\/www.medes.fr\\\/en\\\/?s={search_term_string}\"},\"query-input\":{\"@type\":\"PropertyValueSpecification\",\"valueRequired\":true,\"valueName\":\"search_term_string\"}}],\"inLanguage\":\"en-US\"}]}<\/script>\n<!-- \/ Yoast SEO plugin. -->","yoast_head_json":{"title":"Etude d'alitement BRACE - Recrutement de volontaires - Medes","robots":{"index":"index","follow":"follow","max-snippet":"max-snippet:-1","max-image-preview":"max-image-preview:large","max-video-preview":"max-video-preview:-1"},"canonical":"https:\/\/www.medes.fr\/en\/etude-dalitement-brace-recrutement-de-volontaires\/","og_locale":"en_US","og_type":"article","og_title":"Etude d'alitement BRACE - Recrutement de volontaires - Medes","og_description":"RECRUTEMENT Nouvelle \u00e9tude clinique de simulation de l'impesanteur Etude BRACE (Bed Rest with Artificial gravity and Cycling Exercise) MEDES recrute des volontaires hommes, \u00e2g\u00e9s de 20 \u00e0 45 ans, pour participer \u00e0 une \u00e9tude clinique indemnis\u00e9e avec 88 jours d\u2019hospitalisation dont 60 jours couch\u00e9 \u00e0 -6\u00b0 d\u2019inclinaison, c\u2019est-\u00e0-dire avec la t\u00eate plus basse que les [&hellip;]","og_url":"https:\/\/www.medes.fr\/en\/etude-dalitement-brace-recrutement-de-volontaires\/","og_site_name":"Medes","article_modified_time":"2023-06-19T12:48:20+00:00","twitter_card":"summary_large_image","twitter_misc":{"Est. reading time":"4 minutes"},"schema":{"@context":"https:\/\/schema.org","@graph":[{"@type":"WebPage","@id":"https:\/\/www.medes.fr\/en\/etude-dalitement-brace-recrutement-de-volontaires\/","url":"https:\/\/www.medes.fr\/en\/etude-dalitement-brace-recrutement-de-volontaires\/","name":"Etude d'alitement BRACE - Recrutement de volontaires - Medes","isPartOf":{"@id":"https:\/\/www.medes.fr\/en\/#website"},"datePublished":"2022-12-08T15:36:46+00:00","dateModified":"2023-06-19T12:48:20+00:00","breadcrumb":{"@id":"https:\/\/www.medes.fr\/en\/etude-dalitement-brace-recrutement-de-volontaires\/#breadcrumb"},"inLanguage":"en-US","potentialAction":[{"@type":"ReadAction","target":["https:\/\/www.medes.fr\/en\/etude-dalitement-brace-recrutement-de-volontaires\/"]}]},{"@type":"BreadcrumbList","@id":"https:\/\/www.medes.fr\/en\/etude-dalitement-brace-recrutement-de-volontaires\/#breadcrumb","itemListElement":[{"@type":"ListItem","position":1,"name":"Accueil","item":"https:\/\/www.medes.fr\/en\/"},{"@type":"ListItem","position":2,"name":"Etude d&#8217;alitement BRACE &#8211; Recrutement de volontaires"}]},{"@type":"WebSite","@id":"https:\/\/www.medes.fr\/en\/#website","url":"https:\/\/www.medes.fr\/en\/","name":"Medes","description":"","potentialAction":[{"@type":"SearchAction","target":{"@type":"EntryPoint","urlTemplate":"https:\/\/www.medes.fr\/en\/?s={search_term_string}"},"query-input":{"@type":"PropertyValueSpecification","valueRequired":true,"valueName":"search_term_string"}}],"inLanguage":"en-US"}]}},"_links":{"self":[{"href":"https:\/\/www.medes.fr\/en\/wp-json\/wp\/v2\/pages\/15293","targetHints":{"allow":["GET"]}}],"collection":[{"href":"https:\/\/www.medes.fr\/en\/wp-json\/wp\/v2\/pages"}],"about":[{"href":"https:\/\/www.medes.fr\/en\/wp-json\/wp\/v2\/types\/page"}],"author":[{"embeddable":true,"href":"https:\/\/www.medes.fr\/en\/wp-json\/wp\/v2\/users\/3"}],"replies":[{"embeddable":true,"href":"https:\/\/www.medes.fr\/en\/wp-json\/wp\/v2\/comments?post=15293"}],"version-history":[{"count":0,"href":"https:\/\/www.medes.fr\/en\/wp-json\/wp\/v2\/pages\/15293\/revisions"}],"wp:attachment":[{"href":"https:\/\/www.medes.fr\/en\/wp-json\/wp\/v2\/media?parent=15293"}],"curies":[{"name":"wp","href":"https:\/\/api.w.org\/{rel}","templated":true}]}}